{"id":283,"date":"2024-08-20T05:30:57","date_gmt":"2024-08-20T05:30:57","guid":{"rendered":"https:\/\/boflint.com\/?post_type=product&#038;p=283"},"modified":"2026-03-16T11:12:01","modified_gmt":"2026-03-16T11:12:01","slug":"bocaux-en-verre-314ml","status":"publish","type":"product","link":"https:\/\/boflint.com\/index.php\/produit\/bocaux-en-verre-314ml\/","title":{"rendered":"Bocaux en verre 314ml"},"content":{"rendered":"<p>Les bocaux en verre de 314 ml sont de taille moyenne, souvent utilis\u00e9s pour conserver divers aliments tels que les confitures, les sauces, les \u00e9pices, ou encore les petits l\u00e9gumes marin\u00e9s. Leur capacit\u00e9 de 314 ml les rend pratiques pour stocker des portions mod\u00e9r\u00e9es de pr\u00e9parations maison ou pour des conserves. Ils sont g\u00e9n\u00e9ralement \u00e9quip\u00e9s de couvercles m\u00e9talliques, souvent avec une fermeture herm\u00e9tique \u00e0 vis pour assurer une bonne conservation des aliments.<\/p>\n<p>Souvent transparents, ces bocaux permettent de voir facilement leur contenu, ce qui est utile pour une organisation optimale dans la cuisine.<\/p>\n","protected":false},"excerpt":{"rendered":"<p>Les bocaux en verre de 314 ml sont de taille moyenne, souvent utilis\u00e9s pour conserver divers aliments tels que les confitures, les sauces, les \u00e9pices, ou encore les petits l\u00e9gumes marin\u00e9s. Leur capacit\u00e9 de 314 ml les rend pratiques pour stocker des portions mod\u00e9r\u00e9es de pr\u00e9parations maison ou pour des conserves. Ils sont g\u00e9n\u00e9ralement \u00e9quip\u00e9s [&#8230;]\n","protected":false},"featured_media":284,"template":"","meta":[],"product_brand":[],"product_cat":[29],"product_tag":[],"class_list":{"0":"post-283","1":"product","2":"type-product","3":"status-publish","4":"has-post-thumbnail","6":"product_cat-bocaux","8":"first","9":"outofstock","10":"taxable","11":"shipping-taxable","12":"product-type-simple"},"_links":{"self":[{"href":"https:\/\/boflint.com\/index.php\/wp-json\/wp\/v2\/product\/283","targetHints":{"allow":["GET"]}}],"collection":[{"href":"https:\/\/boflint.com\/index.php\/wp-json\/wp\/v2\/product"}],"about":[{"href":"https:\/\/boflint.com\/index.php\/wp-json\/wp\/v2\/types\/product"}],"wp:featuredmedia":[{"embeddable":true,"href":"https:\/\/boflint.com\/index.php\/wp-json\/wp\/v2\/media\/284"}],"wp:attachment":[{"href":"https:\/\/boflint.com\/index.php\/wp-json\/wp\/v2\/media?parent=283"}],"wp:term":[{"taxonomy":"product_brand","embeddable":true,"href":"https:\/\/boflint.com\/index.php\/wp-json\/wp\/v2\/product_brand?post=283"},{"taxonomy":"product_cat","embeddable":true,"href":"https:\/\/boflint.com\/index.php\/wp-json\/wp\/v2\/product_cat?post=283"},{"taxonomy":"product_tag","embeddable":true,"href":"https:\/\/boflint.com\/index.php\/wp-json\/wp\/v2\/product_tag?post=283"}],"curies":[{"name":"wp","href":"https:\/\/api.w.org\/{rel}","templated":true}]}}