{"id":9,"date":"2024-08-16T17:09:12","date_gmt":"2024-08-16T17:09:12","guid":{"rendered":"https:\/\/boflint.com\/?page_id=9"},"modified":"2024-08-18T10:09:24","modified_gmt":"2024-08-18T10:09:24","slug":"qui-sommes-nous","status":"publish","type":"page","link":"https:\/\/boflint.com\/index.php\/qui-sommes-nous\/","title":{"rendered":"Qui sommes-nous ?"},"content":{"rendered":"\n\n\t<section class=\"section\" id=\"section_1481721662\">\n\t\t<div class=\"section-bg fill\" >\n\t\t\t\t\t\t\t\t\t\n\t\t\t\n\n\t\t<\/div>\n\n\t\t\n\n\t\t<div class=\"section-content relative\">\n\t\t\t\n\n\t<div id=\"gap-1106221151\" class=\"gap-element clearfix\" style=\"display:block; height:auto;\">\n\t\t\n<style>\n#gap-1106221151 {\n  padding-top: 30px;\n}\n<\/style>\n\t<\/div>\n\t\n\n<div class=\"row\"  id=\"row-1748139148\">\n\n\n\t<div id=\"col-1021802102\" class=\"col medium-12 small-12 large-8\"  >\n\t\t\t\t<div class=\"col-inner\"  >\n\t\t\t\n\t\t\t\n\n\n  <div class=\"banner has-hover\" id=\"banner-1085202629\">\n          <div class=\"banner-inner fill\">\n        <div class=\"banner-bg fill\" >\n            <img decoding=\"async\" width=\"400\" height=\"381\" src=\"https:\/\/boflint.com\/wp-content\/uploads\/2024\/08\/honey-gf79caab4b_1920-copy-3.webp\" class=\"bg attachment-large size-large\" alt=\"\" \/>                                    \n                    <\/div>\n\t\t\n        <div class=\"banner-layers container\">\n            <div class=\"fill banner-link\"><\/div>            \n\n   <div id=\"text-box-1203895800\" class=\"text-box banner-layer x50 md-x50 lg-x50 y50 md-y50 lg-y50 res-text\">\n                                <div class=\"text-box-content text dark\">\n              \n              <div class=\"text-inner text-center\">\n                  \n\n\n              <\/div>\n           <\/div>\n                            \n<style>\n#text-box-1203895800 {\n  width: 60%;\n}\n#text-box-1203895800 .text-box-content {\n  font-size: 100%;\n}\n@media (min-width:550px) {\n  #text-box-1203895800 {\n    width: 60%;\n  }\n}\n<\/style>\n    <\/div>\n \n\n        <\/div>\n      <\/div>\n\n            \n<style>\n#banner-1085202629 {\n  padding-top: 300px;\n  background-color: rgba(255, 255, 255, 0);\n}\n#banner-1085202629 .banner-bg img {\n  object-position: 40% 6%;\n}\n@media (min-width:550px) {\n  #banner-1085202629 {\n    padding-top: 450px;\n  }\n}\n<\/style>\n  <\/div>\n\n\n\n\t\t<\/div>\n\t\t\t\t\t<\/div>\n\n\t\n\n<\/div>\n<div class=\"row align-right\"  id=\"row-361597270\">\n\n\n\t<div id=\"col-2062461931\" class=\"col medium-12 small-12 large-6\"  >\n\t\t\t\t<div class=\"col-inner\" style=\"background-color:rgb(255, 255, 255);\" >\n\t\t\t\n\t\t\t\n\n\t<div id=\"text-3295748325\" class=\"text\">\n\t\t\n\n<h2>Qui sommes-nous ?<\/h2>\n\t\t\n<style>\n#text-3295748325 {\n  font-size: 1.25rem;\n}\n<\/style>\n\t<\/div>\n\t\n\t<div id=\"text-3443038172\" class=\"text\">\n\t\t\n\n<div id=\"text-47625878\" class=\"text\">\n<h2>\u00a0<\/h2>\n<\/div>\n<p>Boflint est une entreprise Fran\u00e7aise qui a r\u00e9ussi \u00e0 d\u00e9velopper des liens privil\u00e9gi\u00e9s avec ses clients. Nous fournissons des produits \u00e0 des prix comp\u00e9titifs et nous nous engageons \u00e0 livrer toute la gamme de nos pots de confiture, miel, condiments et bouteilles en verre dans des d\u00e9lais r\u00e9duits. D\u2019autant plus, comme la s\u00e9curit\u00e9 est une valeur fondamentale dans notre d\u00e9veloppement, nous garantissons la qualit\u00e9 de nos produits qui sont test\u00e9s, conform\u00e9ment aux normes et standards les plus exigeants.<\/p>\n<h3>Notre site<\/h3>\n<p>Notre site de e-commerce propose des bocaux et pots en verre pour les particuliers et les petits producteurs d\u2019agro-alimentaire \u00e0 qui nous fournissons des packs vari\u00e9s contenant des pots de divers tailles et volumes \u00e0 des prix comp\u00e9titifs ; ainsi qu\u2019aux professionnels en gros.<\/p>\n<h3>Ou sommes-nous ?<\/h3>\n<p>Nous sommes \u00e9tablis au sud de la France. Que vous soyez particulier, sp\u00e9cialiste en apiculture, producteur ou professionnel, nos agents commerciaux seront \u00e0 votre disposition pour vous conseiller les bocaux et les pots en verre les plus adapt\u00e9s \u00e0 vos besoins.<\/p>\n<p>Contactez-nous pour les bocaux en verre pas cher<\/p>\n\t\t\n<style>\n#text-3443038172 {\n  color: rgb(0,0,0);\n}\n#text-3443038172 > * {\n  color: rgb(0,0,0);\n}\n<\/style>\n\t<\/div>\n\t\n<a href=\"https:\/\/boflint.com\/index.php\/contactez-nous\/\" class=\"button secondary\" style=\"border-radius:5px;padding:5px 20px 5px 20px;\">\n\t\t<span>Contactez-nous<\/span>\n\t<\/a>\n\n\n\n\t\t<\/div>\n\t\t\t\t\n<style>\n#col-2062461931 > .col-inner {\n  padding: 7% 8% 5% 8%;\n  margin: -50px 0 0px 0px;\n}\n@media (min-width:550px) {\n  #col-2062461931 > .col-inner {\n    padding: 6% 8% 5% 8%;\n  }\n}\n@media (min-width:850px) {\n  #col-2062461931 > .col-inner {\n    padding: 8% 8% 5% 8%;\n    margin: -290px 0px 0px 0px;\n  }\n}\n<\/style>\n\t<\/div>\n\n\t\n\n<\/div>\n\n\t\t<\/div>\n\n\t\t\n<style>\n#section_1481721662 {\n  padding-top: 30px;\n  padding-bottom: 30px;\n  background-color: #273647;\n}\n@media (min-width:550px) {\n  #section_1481721662 {\n    padding-top: 50px;\n    padding-bottom: 50px;\n  }\n}\n<\/style>\n\t<\/section>\n\t\n\n","protected":false},"excerpt":{"rendered":"","protected":false},"author":1,"featured_media":0,"parent":0,"menu_order":0,"comment_status":"closed","ping_status":"closed","template":"","meta":{"footnotes":""},"class_list":["post-9","page","type-page","status-publish","hentry"],"_links":{"self":[{"href":"https:\/\/boflint.com\/index.php\/wp-json\/wp\/v2\/pages\/9","targetHints":{"allow":["GET"]}}],"collection":[{"href":"https:\/\/boflint.com\/index.php\/wp-json\/wp\/v2\/pages"}],"about":[{"href":"https:\/\/boflint.com\/index.php\/wp-json\/wp\/v2\/types\/page"}],"author":[{"embeddable":true,"href":"https:\/\/boflint.com\/index.php\/wp-json\/wp\/v2\/users\/1"}],"replies":[{"embeddable":true,"href":"https:\/\/boflint.com\/index.php\/wp-json\/wp\/v2\/comments?post=9"}],"version-history":[{"count":0,"href":"https:\/\/boflint.com\/index.php\/wp-json\/wp\/v2\/pages\/9\/revisions"}],"wp:attachment":[{"href":"https:\/\/boflint.com\/index.php\/wp-json\/wp\/v2\/media?parent=9"}],"curies":[{"name":"wp","href":"https:\/\/api.w.org\/{rel}","templated":true}]}}