{"id":160,"date":"2024-08-18T15:10:35","date_gmt":"2024-08-18T15:10:35","guid":{"rendered":"https:\/\/boflint.com\/?page_id=160"},"modified":"2024-08-18T15:10:37","modified_gmt":"2024-08-18T15:10:37","slug":"declaration-de-confidentialite","status":"publish","type":"page","link":"https:\/\/boflint.com\/index.php\/declaration-de-confidentialite\/","title":{"rendered":"D\u00e9claration de confidentialit\u00e9"},"content":{"rendered":"\n\n\n<p>D\u00e9claration de confidentialit\u00e9<\/p>\n\n\n\n<p>Cette d\u00e9claration de confidentialit\u00e9 de BoFlint confirme la mani\u00e8re dans la quelle BoFlint utilise et prot\u00e8ge l\u2019information que vous donnez lorsque vous utilisez ce site web.<\/p>\n\n\n\n<p>BoFlint s\u2019engage \u00e0 prot\u00e9ger votre confidentialit\u00e9. Les informations que vous nous fournissez et par lesquelles vous pourriez \u00eatre identifi\u00e9 ne seront utilis\u00e9es qu\u2019en accord avec cette d\u00e9claration de confidentialit\u00e9.<\/p>\n\n\n\n<p>BoFlint peut modifier cette d\u00e9claration de temps en temps en mettant \u00e0 jour cette page. Vous devriez v\u00e9rifier cette page de temps en temps pour vous assurer que vous \u00eates satisfait de tout changement. Cette politique est en vigueur \u00e0 partir du 20 mai 2018.<\/p>\n\n\n\n<p>Ce que nous collectons<\/p>\n\n\n\n<p>Nous pouvons collecter les informations suivantes:<\/p>\n\n\n\n<p>nom et profession<\/p>\n\n\n\n<p>informations de contact y compris adresse e-mail<\/p>\n\n\n\n<p>informations d\u00e9mographiques tel que code postal, pr\u00e9f\u00e9rences et int\u00e9r\u00eats<\/p>\n\n\n\n<p>d\u2019autres informations qui sont en rapport avec les enqu\u00eates aupr\u00e8s des clients et\/ou des offres<\/p>\n\n\n\n<p>Ce que nous faisons avec les informations que nous recueillons<\/p>\n\n\n\n<p>Nous exigeons ces informations pour pouvoir comprendre vos besoins et pour vous apporter un meilleur service et en particulier pour les raisons suivantes:<\/p>\n\n\n\n<p>Tenue des dossiers internes.<\/p>\n\n\n\n<p>Nous pouvons utiliser ces informations pour am\u00e9liorer nos produits et services.<\/p>\n\n\n\n<p>Nous pouvons p\u00e9riodiquement vous envoyer des emails promotionnels concernant de nouveaux produits, des offres sp\u00e9ciales ou d\u2019autres informations que nous pensons que vous trouverez int\u00e9ressant, en utilisant l\u2019adresse email que vous avez fourni.<\/p>\n\n\n\n<p>De temps en temps, nous pouvons aussi utiliser vos informations pour vous contacter pour des raisons d\u2019\u00e9tudes de march\u00e9. Nous pouvons vous contacter par email, t\u00e9l\u00e9phone (appel et texte), fax ou courrier. Nous pouvons utiliser ces informations pour personnaliser le site web selon vos int\u00e9r\u00eats.<\/p>\n\n\n\n<p>S\u00e9curit\u00e9<\/p>\n\n\n\n<p>Nous nous engageons \u00e0 assurer que vos informations sont en s\u00e9curit\u00e9. Pour pouvoir emp\u00eacher l\u2019acc\u00e8s ou divulgation non autoris\u00e9, nous avons mis en place des proc\u00e9dures physiques, \u00e9lectroniques et de gestion adapt\u00e9es afin de sauvegarder et s\u00e9curiser les informations que nous collectons en ligne.<\/p>\n\n\n\n<p>Comment nous utilisons les cookies<\/p>\n\n\n\n<p>Un cookie est un petit fichier qui demande votre permission pour s\u2019installer sur le disque dur de votre ordinateur. Quand vous \u00eates d\u2019accord, le fichier s\u2019ajoute et le cookie permet l\u2019analyse du trafic web et il vous fait savoir quand vous visitez un site particulier. Les cookies permettent les applications web de vous r\u00e9pondre en tant que individuel. L\u2019application web peut adapter ses op\u00e9rations \u00e0 vos besoins, vos pr\u00e9f\u00e9rences et aversions, en rassemblant et se souvenant des informations concernant vos pr\u00e9f\u00e9rences.<\/p>\n\n\n\n<p>Nous utilisons des cookies pour enregistrer le trafic sur les pages du site web qui sont visit\u00e9es. Ceci nous aide \u00e0 analyser des donn\u00e9es concernant trafic sur le site web, ce qui nous permet d\u2019am\u00e9liorer notre site web et de l\u2019adapter aux besoins de nos clients. Nous n\u2019utilisons ces informations que pour des&nbsp; fins d\u2019analyse statistique, suite \u00e0 laquelle les informations sont supprim\u00e9s du syst\u00e8me.<\/p>\n\n\n\n<p>En g\u00e9n\u00e9ral les cookies nous aident \u00e0 vous fournir un meilleur site web&nbsp; en nous permettant de contr\u00f4ler les pages que vous trouvez utiles et celles qui ne le sont pas. Un cookie ne nous donne aucun acc\u00e8s \u00e0 votre ordinateur, ni aucune information qui vous concerne, en dehors des informations que vous choisissez \u00e0 partager avec nous.<\/p>\n\n\n\n<p>Vous pouvez choisir \u00e0 accepter ou refuser les cookies. La plupart des navigateurs web acceptent les cookies automatiquement, mais vous pouvez normalement modifier les param\u00e8tres de votre navigateur pour refuser les cookies si vous le pr\u00e9f\u00e9rez. Cela peut vous emp\u00eacher de tirer pleinement parti du site web.<\/p>\n\n\n\n<p>Liens vers d\u2019autres sites web<\/p>\n\n\n\n<p>Notre site web peut contenir des liens vers d\u2019autres sites web d\u2019int\u00e9r\u00eat. Cependant, une fois que vous avez utilis\u00e9s ces liens pour quitter notre site, vous devez noter que nous n\u2019avons aucun contr\u00f4le de ces autres sites web. Nous ne pouvons pas donc \u00eatre tenu responsable pour la protection et la confidentialit\u00e9 de l\u2019information que vous fournissez pendant vos visites sur de tels sites et de tels sites ne sont pas li\u00e9s par cette d\u00e9claration de confidentialit\u00e9 .Vous devriez faire preuve de prudence et regarder la d\u00e9claration de confidentialit\u00e9 du site web en question.<\/p>\n\n\n\n<p>Le contr\u00f4le de vos informations personnelles<\/p>\n\n\n\n<p>Vous pouvez choisir \u00e0 restreindre la collecte ou l\u2019utilisation de vos informations personnelles&nbsp; des mani\u00e8res suivantes :<\/p>\n\n\n\n<p>quand il vous est demand\u00e9 \u00e0 remplir un formulaire de marketing sur le site web, cherchez la case que vous pouvez cocher pour indiquer que vous ne voulez pas que l\u2019information soit utilis\u00e9e par n\u2019importe qui pour les fins de marketing direct.<\/p>\n\n\n\n<p>si vous nous avez donn\u00e9 votre accord pr\u00e9c\u00e9demment pour utiliser votre information personnelle pour les fins de marketing direct, vous pouvez changer d\u2019avis \u00e0 tout moment en nous \u00e9crivant ou par email \u00e0 info@ BoFlint.com<\/p>\n\n\n\n<p>Nous ne vendrons, distribuerons, ni louer \u00e0 bail vos informations personnelles \u00e0 des tiers, \u00e0 moins que nous ayons eu votre consentement pr\u00e9alable, ou si nous sommes tenus par la loi de le faire. Nous pouvons utiliser vos informations personnelles pour vous envoyer des informations promotionnelles sur des tiers que nous pensons que vous trouverez int\u00e9ressants, et ce, uniquement sur base de votre accord pr\u00e9alable.<\/p>\n\n\n\n<p>Vous pouvez demander les d\u00e9tails des informations personnelles que nous tenons \u00e0 votre sujet ou sur les r\u00e8glements g\u00e9n\u00e9raux de la protection des donn\u00e9es. Un montant forfaitaire vous sera d\u00e8s lors demand\u00e9. Si vous souhaitez une copie de l\u2019information que nous tenons \u00e0 votre sujet, veuillez nous \u00e9crire \u00e0 BoFlint 63, Avenue des ar\u00e8nes de cimiez-06000 Nice.<\/p>\n\n\n\n<p>Si vous pensez que tout ou partie des donn\u00e9es que nous tenons \u00e0 votre sujet est\/sont incorrecte(s) ou incompl\u00e8te(s), veuillez nous \u00e9crire ou par email aussit\u00f4t que possible \u00e0 l\u2019adresse ci-dessus. Nous corrigerons rapidement toute information incorrecte.<\/p>\n\n\n\n<p>Cette d\u00e9claration de confidentialit\u00e9 de BoFlint confirme la mani\u00e8re dans la quelle BoFlint utilise et prot\u00e8ge l\u2019information que vous donnez lorsque vous utilisez ce site web.<\/p>\n\n\n\n<p>BoFlint s\u2019engage \u00e0 prot\u00e9ger votre confidentialit\u00e9. Les informations que vous nous fournissez et par lesquelles vous pourriez \u00eatre identifi\u00e9 ne seront utilis\u00e9es qu\u2019en accord avec cette d\u00e9claration de confidentialit\u00e9.<\/p>\n\n\n\n<p>BoFlint peut modifier cette d\u00e9claration de temps en temps en mettant \u00e0 jour cette page. Vous devriez v\u00e9rifier cette page de temps en temps pour vous assurer que vous \u00eates satisfait de tout changement. Cette politique est en vigueur \u00e0 partir du 20 mai 2018.<\/p>\n\n\n\n<p>Ce que nous collectons<\/p>\n\n\n\n<p>Nous pouvons collecter les informations suivantes:<\/p>\n\n\n\n<p>nom et profession<\/p>\n\n\n\n<p>informations de contact y compris adresse e-mail<\/p>\n\n\n\n<p>informations d\u00e9mographiques tel que code postal, pr\u00e9f\u00e9rences et int\u00e9r\u00eats<\/p>\n\n\n\n<p>d\u2019autres informations qui sont en rapport avec les enqu\u00eates aupr\u00e8s des clients et\/ou des offres<\/p>\n\n\n\n<p>Ce que nous faisons avec les informations que nous recueillons<\/p>\n\n\n\n<p>Nous exigeons ces informations pour pouvoir comprendre vos besoins et pour vous apporter un meilleur service et en particulier pour les raisons suivantes:<\/p>\n\n\n\n<p>Tenue des dossiers internes.<\/p>\n\n\n\n<p>Nous pouvons utiliser ces informations pour am\u00e9liorer nos produits et services.<\/p>\n\n\n\n<p>Nous pouvons p\u00e9riodiquement vous envoyer des emails promotionnels concernant de nouveaux produits, des offres sp\u00e9ciales ou d\u2019autres informations que nous pensons que vous trouverez int\u00e9ressant, en utilisant l\u2019adresse email que vous avez fourni.<\/p>\n\n\n\n<p>De temps en temps, nous pouvons aussi utiliser vos informations pour vous contacter pour des raisons d\u2019\u00e9tudes de march\u00e9. Nous pouvons vous contacter par email, t\u00e9l\u00e9phone (appel et texte), fax ou courrier. Nous pouvons utiliser ces informations pour personnaliser le site web selon vos int\u00e9r\u00eats.<\/p>\n\n\n\n<p>S\u00e9curit\u00e9<\/p>\n\n\n\n<p>Nous nous engageons \u00e0 assurer que vos informations sont en s\u00e9curit\u00e9. Pour pouvoir emp\u00eacher l\u2019acc\u00e8s ou divulgation non autoris\u00e9, nous avons mis en place des proc\u00e9dures physiques, \u00e9lectroniques et de gestion adapt\u00e9es afin de sauvegarder et s\u00e9curiser les informations que nous collectons en ligne.<\/p>\n\n\n\n<p>Comment nous utilisons les cookies<\/p>\n\n\n\n<p>Un cookie est un petit fichier qui demande votre permission pour s\u2019installer sur le disque dur de votre ordinateur. Quand vous \u00eates d\u2019accord, le fichier s\u2019ajoute et le cookie permet l\u2019analyse du trafic web et il vous fait savoir quand vous visitez un site particulier. Les cookies permettent les applications web de vous r\u00e9pondre en tant que individuel. L\u2019application web peut adapter ses op\u00e9rations \u00e0 vos besoins, vos pr\u00e9f\u00e9rences et aversions, en rassemblant et se souvenant des informations concernant vos pr\u00e9f\u00e9rences.<\/p>\n\n\n\n<p>Nous utilisons des cookies pour enregistrer le trafic sur les pages du site web qui sont visit\u00e9es. Ceci nous aide \u00e0 analyser des donn\u00e9es concernant trafic sur le site web, ce qui nous permet d\u2019am\u00e9liorer notre site web et de l\u2019adapter aux besoins de nos clients. Nous n\u2019utilisons ces informations que pour des&nbsp; fins d\u2019analyse statistique, suite \u00e0 laquelle les informations sont supprim\u00e9s du syst\u00e8me.<\/p>\n\n\n\n<p>En g\u00e9n\u00e9ral les cookies nous aident \u00e0 vous fournir un meilleur site web&nbsp; en nous permettant de contr\u00f4ler les pages que vous trouvez utiles et celles qui ne le sont pas. Un cookie ne nous donne aucun acc\u00e8s \u00e0 votre ordinateur, ni aucune information qui vous concerne, en dehors des informations que vous choisissez \u00e0 partager avec nous.<\/p>\n\n\n\n<p>Vous pouvez choisir \u00e0 accepter ou refuser les cookies. La plupart des navigateurs web acceptent les cookies automatiquement, mais vous pouvez normalement modifier les param\u00e8tres de votre navigateur pour refuser les cookies si vous le pr\u00e9f\u00e9rez. Cela peut vous emp\u00eacher de tirer pleinement parti du site web.<\/p>\n\n\n\n<p>Liens vers d\u2019autres sites web<\/p>\n\n\n\n<p>Notre site web peut contenir des liens vers d\u2019autres sites web d\u2019int\u00e9r\u00eat. Cependant, une fois que vous avez utilis\u00e9s ces liens pour quitter notre site, vous devez noter que nous n\u2019avons aucun contr\u00f4le de ces autres sites web. Nous ne pouvons pas donc \u00eatre tenu responsable pour la protection et la confidentialit\u00e9 de l\u2019information que vous fournissez pendant vos visites sur de tels sites et de tels sites ne sont pas li\u00e9s par cette d\u00e9claration de confidentialit\u00e9 .Vous devriez faire preuve de prudence et regarder la d\u00e9claration de confidentialit\u00e9 du site web en question.<\/p>\n\n\n\n<p>Le contr\u00f4le de vos informations personnelles<\/p>\n\n\n\n<p>Vous pouvez choisir \u00e0 restreindre la collecte ou l\u2019utilisation de vos informations personnelles&nbsp; des mani\u00e8res suivantes :<\/p>\n\n\n\n<p>quand il vous est demand\u00e9 \u00e0 remplir un formulaire de marketing sur le site web, cherchez la case que vous pouvez cocher pour indiquer que vous ne voulez pas que l\u2019information soit utilis\u00e9e par n\u2019importe qui pour les fins de marketing direct.<\/p>\n\n\n\n<p>si vous nous avez donn\u00e9 votre accord pr\u00e9c\u00e9demment pour utiliser votre information personnelle pour les fins de marketing direct, vous pouvez changer d\u2019avis \u00e0 tout moment en nous \u00e9crivant ou par email \u00e0 info@ BoFlint.com<\/p>\n\n\n\n<p>Nous ne vendrons, distribuerons, ni louer \u00e0 bail vos informations personnelles \u00e0 des tiers, \u00e0 moins que nous ayons eu votre consentement pr\u00e9alable, ou si nous sommes tenus par la loi de le faire. Nous pouvons utiliser vos informations personnelles pour vous envoyer des informations promotionnelles sur des tiers que nous pensons que vous trouverez int\u00e9ressants, et ce, uniquement sur base de votre accord pr\u00e9alable.<\/p>\n\n\n\n<p>Vous pouvez demander les d\u00e9tails des informations personnelles que nous tenons \u00e0 votre sujet ou sur les r\u00e8glements g\u00e9n\u00e9raux de la protection des donn\u00e9es. Un montant forfaitaire vous sera d\u00e8s lors demand\u00e9. Si vous souhaitez une copie de l\u2019information que nous tenons \u00e0 votre sujet, veuillez nous \u00e9crire \u00e0 BoFlint 63, Avenue des ar\u00e8nes de cimiez-06000 Nice.<\/p>\n\n\n\n<p>Si vous pensez que tout ou partie des donn\u00e9es que nous tenons \u00e0 votre sujet est\/sont incorrecte(s) ou incompl\u00e8te(s), veuillez nous \u00e9crire ou par email aussit\u00f4t que possible \u00e0 l\u2019adresse ci-dessus. Nous corrigerons rapidement toute information incorrecte.<\/p>\n","protected":false},"excerpt":{"rendered":"<p>D\u00e9claration de confidentialit\u00e9 Cette d\u00e9claration de confidentialit\u00e9 de BoFlint confirme la mani\u00e8re dans la quelle BoFlint utilise et prot\u00e8ge l\u2019information que vous donnez lorsque vous utilisez ce site web. BoFlint s\u2019engage \u00e0 prot\u00e9ger votre confidentialit\u00e9. Les informations que vous nous fournissez et par lesquelles vous pourriez \u00eatre identifi\u00e9 ne seront utilis\u00e9es qu\u2019en accord avec cette [&#8230;]\n","protected":false},"author":1,"featured_media":0,"parent":0,"menu_order":0,"comment_status":"closed","ping_status":"closed","template":"","meta":{"footnotes":""},"class_list":["post-160","page","type-page","status-publish","hentry"],"_links":{"self":[{"href":"https:\/\/boflint.com\/index.php\/wp-json\/wp\/v2\/pages\/160","targetHints":{"allow":["GET"]}}],"collection":[{"href":"https:\/\/boflint.com\/index.php\/wp-json\/wp\/v2\/pages"}],"about":[{"href":"https:\/\/boflint.com\/index.php\/wp-json\/wp\/v2\/types\/page"}],"author":[{"embeddable":true,"href":"https:\/\/boflint.com\/index.php\/wp-json\/wp\/v2\/users\/1"}],"replies":[{"embeddable":true,"href":"https:\/\/boflint.com\/index.php\/wp-json\/wp\/v2\/comments?post=160"}],"version-history":[{"count":1,"href":"https:\/\/boflint.com\/index.php\/wp-json\/wp\/v2\/pages\/160\/revisions"}],"predecessor-version":[{"id":161,"href":"https:\/\/boflint.com\/index.php\/wp-json\/wp\/v2\/pages\/160\/revisions\/161"}],"wp:attachment":[{"href":"https:\/\/boflint.com\/index.php\/wp-json\/wp\/v2\/media?parent=160"}],"curies":[{"name":"wp","href":"https:\/\/api.w.org\/{rel}","templated":true}]}}