{"id":158,"date":"2024-08-18T15:09:18","date_gmt":"2024-08-18T15:09:18","guid":{"rendered":"https:\/\/boflint.com\/?page_id=158"},"modified":"2024-08-18T15:09:20","modified_gmt":"2024-08-18T15:09:20","slug":"politique-de-confidentialite","status":"publish","type":"page","link":"https:\/\/boflint.com\/index.php\/politique-de-confidentialite\/","title":{"rendered":"Politique de confidentialit\u00e9"},"content":{"rendered":"\n\n\n<p>Politique de confidentialit\u00e9<\/p>\n\n\n\n<p>BOFLINT attache une attention particuli\u00e8re \u00e0 la protection des donn\u00e9es \u00e0 caract\u00e8re personnel de chaque client utilisateur du site et s\u2019engage \u00e0 assurer le meilleur niveau de protection. Pour d\u00e9livrer son service, Boflint collecte des donn\u00e9es \u00e0 caract\u00e8re personnel des visiteurs de son site internet www.Boflint.com, marque commerciale de la soci\u00e9t\u00e9 Boflint sarl, soci\u00e9t\u00e9 \u00e0 action simplifi\u00e9e SARL au capital social de 5 000 euros inscrite au registre du commerce de Nice n\u00b0 921 697 819 R.C.S., en tant que Responsable de traitement s\u2019engage \u00e0 respecter les dispositions du r\u00e8glement de la loi n\u00b078-17 du 6 janvier 1978 relative \u00e0 l\u2019informatique, aux fichiers et aux libert\u00e9s, et du r\u00e8glement europ\u00e9en 2016\/79 du 27 avril 2016 relatif \u00e0 la protection des personnes physiques \u00e0 l\u2019\u00e9gard du traitement des donn\u00e9es \u00e0 caract\u00e8re personnel et \u00e0 la libre circulation de ces donn\u00e9es (RGPD). Le r\u00e8glement g\u00e9n\u00e9ral sur la protection des donn\u00e9es (RGPD) entr\u00e9 en vigueur le 25 mai 2018, a pour but de renforcer les droits des citoyens et de leur donner plus de contr\u00f4le sur l\u2019utilisation de leurs donn\u00e9es personnelles. Le traitement de ces informations fait l\u2019objet d\u2019une d\u00e9claration \u00e0 la CNIL sous le Num\u00e9ro d\u2019enregistrement Pour toute information compl\u00e9mentaire sur la protection des donn\u00e9es \u00e0 caract\u00e8re personnel, tout utilisateur peut consulter le site de la commission nationale de l\u2019informatique et des libert\u00e9s \u00e0 l\u2019adresse suivante : www.cnil.fr. 1- A QUOI SONT DESTIN\u00c9ES LES DONN\u00c9ES PERSONNELLES COLLECT\u00c9ES ? BOFLINT n\u2019est autoris\u00e9e \u00e0 utiliser les donn\u00e9es personnelles de ses clients que si elle dispose d\u2019une base juridique valable. BOFLINT doit s\u2019assurer de disposer d\u2019une ou de plusieurs des bases juridiques suivantes : \u2013 L\u2019ex\u00e9cution d\u2019un contrat (ex : pour traiter et envoyer une commande ou pour ouvrir et g\u00e9rer un compte Boflint), ou \u2013 Lorsque le Client a donn\u00e9 son consentement \u00e0 la collecte des donn\u00e9es. BOFLINT utilise et communique uniquement vos informations personnelles aux finalit\u00e9s auxquelles vous nous les avez fournies, comme d\u00e9fini au moment de la collecte ou via votre consentement subs\u00e9quent, y compris : \u2013 Gestion des commandes et des ventes de produits et fourniture de services ; gestion des r\u00e9clamations, des r\u00e9tractations et des retours produits ; \u2013 R\u00e9alisation des transactions, notamment de paiement ; \u2013 Cr\u00e9ation et gestion du compte client ; \u2013 \u00c9changes avec le service client ; \u2013 Evaluation et am\u00e9lioration des produits et services et de l\u2019exp\u00e9rience utilisateur (afin notamment de d\u00e9velopper de nouveaux produits et services, analyser la base clients ; effectuer des analyses de donn\u00e9es, la comptabilit\u00e9 et l\u2019audit), profilage ; \u2013 Envoi des newsletters et offres privil\u00e9gi\u00e9es \u00e0 la condition que l\u2019utilisateur coche la case exprimant son acceptation, pr\u00e9vue \u00e0 cet effet, lors de son inscription aux Services ; \u2013 Mise en place de jeux concours et publicitaires \u2013 Analyse des visites du site Internet et de leurs fr\u00e9quences, mesures d\u2019audience, \u00e9tudes, statistiques, sondages (cookies) et am\u00e9liorer l\u2019exp\u00e9rience utilisateur sur le site Internet. 2- COMBIEN DE TEMPS LES DONN\u00c9ES SONT-ELLES CONSERV\u00c9ES ? Sauf obligation l\u00e9gale contraire, BOFLINT Respecte les dur\u00e9es de conservation pr\u00e9conis\u00e9es par la CNIL. Les dur\u00e9es de conservation retenues sont les suivantes : \u2013 Les donn\u00e9es des prospects (personne n\u2019ayant jamais achet\u00e9) sont conserv\u00e9es 3 ans apr\u00e8s le dernier contact \u00e9manant du prospect. \u2013 Les donn\u00e9es des clients sont conserv\u00e9es pendant 3 ans \u00e0 compter du dernier achat. \u2013 Les cookies de mesure d\u2019audience, de publicit\u00e9 cibl\u00e9e et de partage vers les r\u00e9seaux sociaux se d\u00e9posent sur le terminal du client pendant une dur\u00e9e de 13 mois. 3- QUELS SONT VOS DROITS SUR LES DONN\u00c9ES ? 3.1- QUELS SONT LES DROITS POUVANT \u00caTRE EXERC\u00c9S ? En application des articles 15 \u00e0 22 du r\u00e8glement 2016\/679 du 27 avril 2016, toute personne physique dont les donn\u00e9es ont \u00e9t\u00e9 collect\u00e9es a la facult\u00e9 d\u2019exercer les droits suivants : \u2013 Un droit d\u2019acc\u00e8s \u2013 Un droit de rectification \u2013 Un droit d\u2019opposition au traitement de ses donn\u00e9es et d\u2019effacement de ses donn\u00e9es \u2013 Un droit d\u2019opposition au profilage \u2013 Un droit \u00e0 la limitation du traitement \u2013 Un droit \u00e0 la portabilit\u00e9 de ses donn\u00e9es Lorsque BOFLINT d\u00e9tecte une violation de donn\u00e9es \u00e0 caract\u00e8re personnel susceptible d\u2019engendrer un risque \u00e9lev\u00e9 pour les droits et libert\u00e9s du Client, ce dernier sera inform\u00e9 de cette violation dans les meilleurs d\u00e9lais. Le Client a \u00e9galement la facult\u00e9 de retirer son consentement \u00e0 tout moment. 3.2- COMMENT LES EXERCER ? Ces droits peuvent \u00eatre exerc\u00e9s aupr\u00e8s de la soci\u00e9t\u00e9 BOFLINT qui a collect\u00e9\u0301 les donn\u00e9es \u00e0 caract\u00e8re personnel de la mani\u00e8re suivante : \u2013 Par voie postale, en \u00e9crivant \u00e0 l\u2019adresse : BOFLINT Marque commerciale de Boflint sarl \u2013 204 route du plan de la tour 83120 sainte-maxime. Par voie \u00e9lectronique, \u00e0 l\u2019adresse : info@boflint.com La demande doit indiquer, le nom, pr\u00e9nom, adresse postale, email, si possible la r\u00e9f\u00e9rence client et doit \u00eatre accompagn\u00e9e d\u2019un justificatif d\u2019identit\u00e9. BOFLINT adresse une r\u00e9ponse dans un d\u00e9lai d\u20191 mois apr\u00e8s l\u2019exercice du droit. Dans certains cas, li\u00e9s \u00e0 la complexit\u00e9 de la demande ou au nombre de demande, ce d\u00e9lai peut \u00eatre prolong\u00e9 de 2 mois. Ces droits peuvent dans certains cas pr\u00e9vus par la r\u00e8glementation \u00eatre soumis \u00e0 exceptions. 4- A QUI LES DONN\u00c9ES SONT-ELLES TRANSMISES ? 4.1 BOFLINT ET SES PARTENAIRES Vos donn\u00e9es pourront \u00eatre trait\u00e9es par des prestataires techniques (informatique, h\u00e9bergement, distribution d\u2019emails, maintenance, prestataire de paiement en ligne etc.), lesquels sont situ\u00e9s au sein de l\u2019Union Europ\u00e9enne. 4.2 TIERS NON-PARTENAIRES BOFLINT s\u2019engage \u00e0 ne pas transf\u00e9rer ni vendre des donn\u00e9es \u00e0 caract\u00e8re personnel vous concernant \u00e0 des tiers non-partenaires. Nous ne communiquons aucune donn\u00e9e personnelle \u00e0 des agences ou soci\u00e9t\u00e9s \u00e0 des fins de marketing ou commerciales. Nous pouvons \u00e0 l\u2019occasion placer des liens sur notre Site renvoyant vers d\u2019autres sites internet et applications exploit\u00e9s par des tiers. Vous admettez express\u00e9ment utiliser le Site \u00e0 vos propres risques et responsabilit\u00e9 exclusive. Dans la mesure o\u00f9 la soci\u00e9t\u00e9 BOFLINT ne peut contr\u00f4ler ces sites et ces sources externes, elle ne saurait \u00eatre tenue pour responsable de la mise \u00e0 disposition de ces sites et sources externes, et d\u00e9cline toute responsabilit\u00e9 quant aux contenus, publicit\u00e9s, produits, services ou tout autre mat\u00e9riel disponibles sur ou \u00e0 partir de ces sites ou sources externes. De surcroit, BOFLINT ne pourra \u00eatre tenue responsable des dommages ou pertes av\u00e9r\u00e9s ou all\u00e9gu\u00e9s, cons\u00e9cutifs ou en relation avec l\u2019utilisation ou le fait d\u2019avoir fait confiance aux contenus, biens ou services disponibles sur ces sites ou sources externes. Nous vous encourageons grandement \u00e0 consulter les conditions et les politiques en mati\u00e8re de protection de la confidentialit\u00e9 de tout site internet et application tiers avant d\u2019utiliser leurs sites. 5- QUELLES SONT LES R\u00c8GLES RELATIVES \u00c0 LA PROSPECTION COMMERCIALE ? Boflint utilise vos coordonn\u00e9es pour vous adresser des publicit\u00e9s cibl\u00e9es notamment par email, courrier postal, sur les r\u00e9seaux sociaux ou des sites internet tiers. BOFLINT respecte les r\u00e8gles \u00e9dict\u00e9es par la directive 2002\/58\/CE du 12 juillet 2002 qui pr\u00e9voit le recueil pr\u00e9alable express du consentement du client pour l\u2019envoi de prospection commerciale par voie \u00e9lectronique (e-mail ou SMS). Ainsi, lors de la cr\u00e9ation de votre compte sur le site, il vous est express\u00e9ment demand\u00e9 votre consentement pour recevoir des offres de BOFLINT par email. BOFLINT ne vous adressera pas de sollicitations personnalis\u00e9es par email ou sms si vous n\u2019y avez pas consenti. Il existe une exception lorsque le Client, sans avoir donn\u00e9 son consentement pr\u00e9alable, peut cependant \u00eatre d\u00e9march\u00e9 d\u00e8s lors qu\u2019il est d\u00e9j\u00e0 client de la soci\u00e9t\u00e9 BOFLINT et que l\u2019objet de la prospection est de proposer des produits ou services analogues. Dans tous les cas, le client a la possibilit\u00e9 de s\u2019opposer \u00e0 la r\u00e9ception de ces sollicitions en effectuant les actions suivantes : \u2013 Lors de la cr\u00e9ation du compte, ne pas cocher la case li\u00e9e \u00e0 la prospection ; \u2013 Pour l\u2019email, en cliquant sur le lien de d\u00e9sabonnement pr\u00e9vu dans chaque email ; \u2013 Pour le sms, en envoyant un stop SMS au num\u00e9ro indiqu\u00e9 dans celui-ci ; \u2013 En contactant le service client. BOFLINT a la possibilit\u00e9 de vous contacter par t\u00e9l\u00e9phone pour vous proposer des offres sur des produits ou services. Si vous ne souhaitez pas \u00eatre sollicit\u00e9, vous avez la possibilit\u00e9 de vous inscrire sur la liste d\u2019opposition au d\u00e9marchage t\u00e9l\u00e9phonique accessible sur le site www.bloctel.gouv.fr 6- QU\u2019EST-CE QU\u2019UN COOKIE ET \u00c0 QUOI SERT-IL ? Les t\u00e9moins servent \u00e0 faciliter la navigation sur le Site et \u00e0 rationaliser les proc\u00e9dures d\u2019enregistrement ou de mesure d\u2019audience. Les t\u00e9moins sont des fichiers texte plac\u00e9s sur le disque dur de votre ordinateur par un serveur de page web. Votre ordinateur est sans doute configur\u00e9 pour accepter les t\u00e9moins. Vous pouvez cependant modifier ce param\u00e8tre pour qu\u2019il les refuse et BOFLINT vous sugg\u00e8re de le faire si l\u2019utilisation des t\u00e9moins vous inqui\u00e8te. Lorsque vous visitez le Site, pour chercher, lire ou t\u00e9l\u00e9charger des informations, BOFLINT recueille et conserve certains \u00ab\u202frenseignements visiteur\u202f\u00bb vous concernant, tel le nom du domaine et de l\u2019ordinateur h\u00f4te \u00e0 partir desquels vous allez sur Internet, l\u2019adresse du protocole internet (IP) de celui-ci, la date et l\u2019heure de navigation sur le Site et les URL \u00e0 partir desquels vous \u00eates pass\u00e9s pour arriver sur le Site. BOFLINT utilise cette derni\u00e8re information pour analyser et mesurer la fr\u00e9quentation du Site afin d\u2019aider \u00e0 le rendre plus utile. BOFLINT d\u00e9truit cette information apr\u00e8s un certain temps. Si vous ne voulez pas que BOFLINT recueille ce type d\u2019information, merci de ne pas naviguer sur le Site. 7- A QUOI SERVENT LES BALISES WEB? Certaines pages web du Site peuvent contenir des balises web qui permettent de compter le nombre de visiteurs sur le Site et\/ou de fournir \u00e0 BOFLINT un certain nombre d\u2019indicateurs. Ces balises web peuvent \u00eatre utilis\u00e9es avec certains de nos partenaires, notamment afin de mesurer et am\u00e9liorer l\u2019efficacit\u00e9 du Site. En tout \u00e9tat de cause, les renseignements obtenus via ces balises sont strictement anonymes et permettent simplement de rassembler des statistiques sur la fr\u00e9quentation de certaines pages du Site, et ce afin de mieux servir les Clients de notre Site.<\/p>\n","protected":false},"excerpt":{"rendered":"<p>Politique de confidentialit\u00e9 BOFLINT attache une attention particuli\u00e8re \u00e0 la protection des donn\u00e9es \u00e0 caract\u00e8re personnel de chaque client utilisateur du site et s\u2019engage \u00e0 assurer le meilleur niveau de protection. Pour d\u00e9livrer son service, Boflint collecte des donn\u00e9es \u00e0 caract\u00e8re personnel des visiteurs de son site internet www.Boflint.com, marque commerciale de la soci\u00e9t\u00e9 Boflint [&#8230;]\n","protected":false},"author":1,"featured_media":0,"parent":0,"menu_order":0,"comment_status":"closed","ping_status":"closed","template":"","meta":{"footnotes":""},"class_list":["post-158","page","type-page","status-publish","hentry"],"_links":{"self":[{"href":"https:\/\/boflint.com\/index.php\/wp-json\/wp\/v2\/pages\/158","targetHints":{"allow":["GET"]}}],"collection":[{"href":"https:\/\/boflint.com\/index.php\/wp-json\/wp\/v2\/pages"}],"about":[{"href":"https:\/\/boflint.com\/index.php\/wp-json\/wp\/v2\/types\/page"}],"author":[{"embeddable":true,"href":"https:\/\/boflint.com\/index.php\/wp-json\/wp\/v2\/users\/1"}],"replies":[{"embeddable":true,"href":"https:\/\/boflint.com\/index.php\/wp-json\/wp\/v2\/comments?post=158"}],"version-history":[{"count":1,"href":"https:\/\/boflint.com\/index.php\/wp-json\/wp\/v2\/pages\/158\/revisions"}],"predecessor-version":[{"id":159,"href":"https:\/\/boflint.com\/index.php\/wp-json\/wp\/v2\/pages\/158\/revisions\/159"}],"wp:attachment":[{"href":"https:\/\/boflint.com\/index.php\/wp-json\/wp\/v2\/media?parent=158"}],"curies":[{"name":"wp","href":"https:\/\/api.w.org\/{rel}","templated":true}]}}